{"id":181,"date":"2020-08-22T21:46:31","date_gmt":"2020-08-22T19:46:31","guid":{"rendered":"https:\/\/barbara-engelbrecht.com\/?page_id=181"},"modified":"2020-08-23T00:03:18","modified_gmt":"2020-08-22T22:03:18","slug":"kontakt","status":"publish","type":"page","link":"https:\/\/barbara-engelbrecht.com\/willkommen\/kontakt\/","title":{"rendered":"Kontakt"},"content":{"rendered":"<p>[et_pb_section fb_built=&#8220;1&#8243; fullwidth=&#8220;on&#8220; admin_label=&#8220;Hero Section&#8220; _builder_version=&#8220;4.4.2&#8243; background_image=&#8220;https:\/\/barbara-engelbrecht.com\/wp-content\/uploads\/2020\/08\/Handklopfer-scaled.jpg&#8220; min_height=&#8220;190px&#8220; custom_margin=&#8220;||52px|||&#8220; custom_padding=&#8220;||483px|||&#8220;][\/et_pb_section][et_pb_section fb_built=&#8220;1&#8243; admin_label=&#8220;Free Consultation&#8220; _builder_version=&#8220;3.22&#8243; custom_padding=&#8220;0px|0px|23px|0px||&#8220;][et_pb_row _builder_version=&#8220;4.4.2&#8243;][et_pb_column type=&#8220;4_4&#8243; _builder_version=&#8220;4.4.2&#8243;][et_pb_text _builder_version=&#8220;4.4.2&#8243; text_font=&#8220;PT Sans||||||||&#8220; text_text_color=&#8220;#700000&#8243; text_font_size=&#8220;26px&#8220; text_line_height=&#8220;1.8em&#8220; text_orientation=&#8220;center&#8220;]<\/p>\n<p>F\u00fcr Einzelcoachings und Gruppen bis zu 6 Personen arbeite ich gerne in meinen R\u00e4umen.<\/p>\n<p>[\/et_pb_text][\/et_pb_column][\/et_pb_row][\/et_pb_section][et_pb_section fb_built=&#8220;1&#8243; admin_label=&#8220;Feature &#8211; Image Right&#8220; _builder_version=&#8220;4.4.2&#8243; background_color=&#8220;rgba(214,214,214,0.4)&#8220; custom_margin=&#8220;|||&#8220; custom_padding=&#8220;36px|0px|18px|0px||&#8220;][et_pb_row column_structure=&#8220;1_3,1_3,1_3&#8243; _builder_version=&#8220;3.25&#8243; width=&#8220;90%&#8220; max_width=&#8220;90%&#8220; module_alignment=&#8220;right&#8220; custom_margin=&#8220;|||&#8220; animation_style=&#8220;fade&#8220; use_custom_width=&#8220;on&#8220; width_unit=&#8220;off&#8220; custom_width_percent=&#8220;90%&#8220;][et_pb_column type=&#8220;1_3&#8243; _builder_version=&#8220;3.25&#8243; custom_padding=&#8220;||140px|6%&#8220; custom_padding__hover=&#8220;|||&#8220;][et_pb_image src=&#8220;https:\/\/barbara-engelbrecht.com\/wp-content\/uploads\/2020\/07\/IMG_1980-scaled.jpg&#8220; _builder_version=&#8220;4.4.2&#8243; min_height=&#8220;256px&#8220; custom_margin=&#8220;|-26px|38px|||&#8220;][\/et_pb_image][et_pb_image src=&#8220;https:\/\/barbara-engelbrecht.com\/wp-content\/uploads\/2020\/07\/IMG_0409-scaled-e1598130722492.jpg&#8220; _builder_version=&#8220;4.4.2&#8243; width=&#8220;109%&#8220;][\/et_pb_image][\/et_pb_column][et_pb_column type=&#8220;1_3&#8243; _builder_version=&#8220;3.25&#8243; custom_padding=&#8220;|||&#8220; custom_padding__hover=&#8220;|||&#8220;][et_pb_image src=&#8220;https:\/\/barbara-engelbrecht.com\/wp-content\/uploads\/2020\/07\/DSC_0220-scaled.jpg&#8220; _builder_version=&#8220;4.4.2&#8243;][\/et_pb_image][et_pb_image src=&#8220;https:\/\/barbara-engelbrecht.com\/wp-content\/uploads\/2020\/08\/Raum-quadrat-scaled.jpg&#8220; _builder_version=&#8220;4.4.2&#8243;][\/et_pb_image][\/et_pb_column][et_pb_column type=&#8220;1_3&#8243; _builder_version=&#8220;3.25&#8243; custom_padding=&#8220;|||&#8220; custom_padding__hover=&#8220;|||&#8220;][et_pb_image src=&#8220;https:\/\/barbara-engelbrecht.com\/wp-content\/uploads\/2020\/07\/DSC02593-scaled.jpg&#8220; _builder_version=&#8220;4.4.2&#8243;][\/et_pb_image][\/et_pb_column][\/et_pb_row][\/et_pb_section][et_pb_section fb_built=&#8220;1&#8243; admin_label=&#8220;Quote&#8220; _builder_version=&#8220;4.4.2&#8243; background_color=&#8220;#474747&#8243; background_image=&#8220;https:\/\/barbara-engelbrecht.com\/wp-content\/uploads\/2020\/04\/consutant-02.jpg&#8220; background_position=&#8220;top_right&#8220; custom_margin=&#8220;|||&#8220; custom_padding=&#8220;0px|0px|0px|0px||&#8220; box_shadow_style=&#8220;preset7&#8243; box_shadow_horizontal=&#8220;0px&#8220; box_shadow_vertical=&#8220;100px&#8220; box_shadow_color=&#8220;#2f2f2f&#8220;][et_pb_row _builder_version=&#8220;4.4.2&#8243; custom_margin=&#8220;|-117px||26px||&#8220;][et_pb_column type=&#8220;4_4&#8243; _builder_version=&#8220;4.4.2&#8243;][\/et_pb_column][\/et_pb_row][\/et_pb_section][et_pb_section fb_built=&#8220;1&#8243; admin_label=&#8220;Contact&#8220; _builder_version=&#8220;3.22&#8243; background_image=&#8220;https:\/\/barbara-engelbrecht.com\/wp-content\/uploads\/2020\/04\/consutant-03.jpg&#8220; custom_margin=&#8220;|||&#8220; custom_padding=&#8220;0px|0px|0px|0px&#8220; box_shadow_style=&#8220;preset7&#8243; box_shadow_horizontal=&#8220;0px&#8220; box_shadow_vertical=&#8220;80px&#8220; box_shadow_color=&#8220;#ffffff&#8220;][et_pb_row column_structure=&#8220;1_2,1_2&#8243; custom_padding_last_edited=&#8220;on|phone&#8220; _builder_version=&#8220;3.25&#8243; background_color=&#8220;#ffffff&#8220; custom_margin=&#8220;|||&#8220; custom_padding=&#8220;60px|60px|60px|60px&#8220; custom_padding_tablet=&#8220;&#8220; custom_padding_phone=&#8220;|40px||40px&#8220; animation_style=&#8220;slide&#8220; animation_direction=&#8220;bottom&#8220; animation_duration=&#8220;1500ms&#8220; animation_delay=&#8220;200ms&#8220; animation_intensity_slide=&#8220;10%&#8220; animation_starting_opacity=&#8220;100%&#8220; box_shadow_style=&#8220;preset3&#8243; box_shadow_vertical=&#8220;15px&#8220; box_shadow_blur=&#8220;80px&#8220; box_shadow_color=&#8220;rgba(0,0,0,0.2)&#8220;][et_pb_column type=&#8220;1_2&#8243; _builder_version=&#8220;3.25&#8243; custom_padding=&#8220;|||&#8220; custom_padding__hover=&#8220;|||&#8220;][et_pb_text _builder_version=&#8220;4.4.2&#8243; text_font=&#8220;|||on|||||&#8220; header_font=&#8220;||||||||&#8220; header_2_font=&#8220;Playfair Display|700|||||||&#8220; header_2_font_size=&#8220;38px&#8220; header_2_letter_spacing=&#8220;1px&#8220; header_2_line_height=&#8220;1.4em&#8220; header_3_font=&#8220;Poppins|700||on|||||&#8220; header_3_text_color=&#8220;#edbb5f&#8220; header_3_font_size=&#8220;14px&#8220; header_3_letter_spacing=&#8220;1px&#8220; header_3_line_height=&#8220;2em&#8220; text_orientation=&#8220;center&#8220; max_width=&#8220;550px&#8220; module_alignment=&#8220;center&#8220; locked=&#8220;off&#8220;]<\/p>\n<h2 style=\"text-align: left;\">Kontakt<\/h2>\n<p>[\/et_pb_text][et_pb_contact_form captcha=&#8220;off&#8220; email=&#8220;mail@barbara-engelbrecht.com&#8220; submit_button_text=&#8220;senden&#8220; module_id=&#8220;et_pb_contact_form_0&#8243; _builder_version=&#8220;4.4.2&#8243; form_field_background_color=&#8220;#ffffff&#8220; form_field_text_color=&#8220;rgba(0,0,0,0.7)&#8220; title_level=&#8220;h2&#8243; title_font=&#8220;Playfair Display|700||on|||||&#8220; title_text_align=&#8220;center&#8220; title_font_size=&#8220;38px&#8220; title_line_height=&#8220;1.4em&#8220; form_field_font=&#8220;Poppins|600||on|||||&#8220; form_field_font_size=&#8220;12px&#8220; form_field_letter_spacing=&#8220;2px&#8220; custom_button=&#8220;on&#8220; button_text_color=&#8220;#ffffff&#8220; button_bg_color=&#8220;#edbb5f&#8220; button_border_width=&#8220;0px&#8220; button_border_radius=&#8220;0px&#8220; button_letter_spacing=&#8220;1px&#8220; button_font=&#8220;Saira Extra Condensed|600||on|||||&#8220; button_icon=&#8220;%%3%%&#8220; custom_margin=&#8220;|||&#8220; custom_padding=&#8220;|||&#8220; border_color_all=&#8220;#dfdfe3&#8243; border_width_bottom=&#8220;1px&#8220; form_background_color=&#8220;#ffffff&#8220; button_letter_spacing_hover=&#8220;1px&#8220;][et_pb_contact_field field_id=&#8220;Name&#8220; field_title=&#8220;Name&#8220; fullwidth_field=&#8220;on&#8220; _builder_version=&#8220;3.16&#8243; form_field_font=&#8220;||||||||&#8220; custom_margin=&#8220;||20px|&#8220; custom_padding=&#8220;|||&#8220; button_text_size__hover_enabled=&#8220;off&#8220; button_one_text_size__hover_enabled=&#8220;off&#8220; button_two_text_size__hover_enabled=&#8220;off&#8220; button_text_color__hover_enabled=&#8220;off&#8220; button_one_text_color__hover_enabled=&#8220;off&#8220; button_two_text_color__hover_enabled=&#8220;off&#8220; button_border_width__hover_enabled=&#8220;off&#8220; button_one_border_width__hover_enabled=&#8220;off&#8220; button_two_border_width__hover_enabled=&#8220;off&#8220; button_border_color__hover_enabled=&#8220;off&#8220; button_one_border_color__hover_enabled=&#8220;off&#8220; button_two_border_color__hover_enabled=&#8220;off&#8220; button_border_radius__hover_enabled=&#8220;off&#8220; button_one_border_radius__hover_enabled=&#8220;off&#8220; button_two_border_radius__hover_enabled=&#8220;off&#8220; button_letter_spacing__hover_enabled=&#8220;off&#8220; button_one_letter_spacing__hover_enabled=&#8220;off&#8220; button_two_letter_spacing__hover_enabled=&#8220;off&#8220; button_bg_color__hover_enabled=&#8220;off&#8220; button_one_bg_color__hover_enabled=&#8220;off&#8220; button_two_bg_color__hover_enabled=&#8220;off&#8220;][\/et_pb_contact_field][et_pb_contact_field field_id=&#8220;Email&#8220; field_title=&#8220;Email&#8220; fullwidth_field=&#8220;on&#8220; _builder_version=&#8220;4.4.2&#8243; form_field_font=&#8220;||||||||&#8220; custom_margin=&#8220;||20px|&#8220; button_text_size__hover_enabled=&#8220;off&#8220; button_one_text_size__hover_enabled=&#8220;off&#8220; button_two_text_size__hover_enabled=&#8220;off&#8220; button_text_color__hover_enabled=&#8220;off&#8220; button_one_text_color__hover_enabled=&#8220;off&#8220; button_two_text_color__hover_enabled=&#8220;off&#8220; button_border_width__hover_enabled=&#8220;off&#8220; button_one_border_width__hover_enabled=&#8220;off&#8220; button_two_border_width__hover_enabled=&#8220;off&#8220; button_border_color__hover_enabled=&#8220;off&#8220; button_one_border_color__hover_enabled=&#8220;off&#8220; button_two_border_color__hover_enabled=&#8220;off&#8220; button_border_radius__hover_enabled=&#8220;off&#8220; button_one_border_radius__hover_enabled=&#8220;off&#8220; button_two_border_radius__hover_enabled=&#8220;off&#8220; button_letter_spacing__hover_enabled=&#8220;off&#8220; button_one_letter_spacing__hover_enabled=&#8220;off&#8220; button_two_letter_spacing__hover_enabled=&#8220;off&#8220; button_bg_color__hover_enabled=&#8220;off&#8220; button_one_bg_color__hover_enabled=&#8220;off&#8220; button_two_bg_color__hover_enabled=&#8220;off&#8220;][\/et_pb_contact_field][et_pb_contact_field field_id=&#8220;Phone&#8220; field_title=&#8220;Telefon&#8220; required_mark=&#8220;off&#8220; fullwidth_field=&#8220;on&#8220; _builder_version=&#8220;4.4.2&#8243; form_field_font=&#8220;||||||||&#8220; custom_margin=&#8220;||20px|&#8220; button_text_size__hover_enabled=&#8220;off&#8220; button_one_text_size__hover_enabled=&#8220;off&#8220; button_two_text_size__hover_enabled=&#8220;off&#8220; button_text_color__hover_enabled=&#8220;off&#8220; button_one_text_color__hover_enabled=&#8220;off&#8220; button_two_text_color__hover_enabled=&#8220;off&#8220; button_border_width__hover_enabled=&#8220;off&#8220; button_one_border_width__hover_enabled=&#8220;off&#8220; button_two_border_width__hover_enabled=&#8220;off&#8220; button_border_color__hover_enabled=&#8220;off&#8220; button_one_border_color__hover_enabled=&#8220;off&#8220; button_two_border_color__hover_enabled=&#8220;off&#8220; button_border_radius__hover_enabled=&#8220;off&#8220; button_one_border_radius__hover_enabled=&#8220;off&#8220; button_two_border_radius__hover_enabled=&#8220;off&#8220; button_letter_spacing__hover_enabled=&#8220;off&#8220; button_one_letter_spacing__hover_enabled=&#8220;off&#8220; button_two_letter_spacing__hover_enabled=&#8220;off&#8220; button_bg_color__hover_enabled=&#8220;off&#8220; button_one_bg_color__hover_enabled=&#8220;off&#8220; button_two_bg_color__hover_enabled=&#8220;off&#8220;][\/et_pb_contact_field][et_pb_contact_field field_id=&#8220;Message&#8220; field_title=&#8220;Nachricht&#8220; field_type=&#8220;text&#8220; fullwidth_field=&#8220;on&#8220; _builder_version=&#8220;4.4.2&#8243; form_field_background_color=&#8220;rgba(12,12,12,0.02)&#8220; form_field_font=&#8220;||||||||&#8220; custom_margin=&#8220;40px||20px|&#8220; border_width_all=&#8220;1px&#8220; field_background_color=&#8220;rgba(12,12,12,0.02)&#8220; button_text_size__hover_enabled=&#8220;off&#8220; button_one_text_size__hover_enabled=&#8220;off&#8220; button_two_text_size__hover_enabled=&#8220;off&#8220; button_text_color__hover_enabled=&#8220;off&#8220; button_one_text_color__hover_enabled=&#8220;off&#8220; button_two_text_color__hover_enabled=&#8220;off&#8220; button_border_width__hover_enabled=&#8220;off&#8220; button_one_border_width__hover_enabled=&#8220;off&#8220; button_two_border_width__hover_enabled=&#8220;off&#8220; button_border_color__hover_enabled=&#8220;off&#8220; button_one_border_color__hover_enabled=&#8220;off&#8220; button_two_border_color__hover_enabled=&#8220;off&#8220; button_border_radius__hover_enabled=&#8220;off&#8220; button_one_border_radius__hover_enabled=&#8220;off&#8220; button_two_border_radius__hover_enabled=&#8220;off&#8220; button_letter_spacing__hover_enabled=&#8220;off&#8220; button_one_letter_spacing__hover_enabled=&#8220;off&#8220; button_two_letter_spacing__hover_enabled=&#8220;off&#8220; button_bg_color__hover_enabled=&#8220;off&#8220; button_one_bg_color__hover_enabled=&#8220;off&#8220; button_two_bg_color__hover_enabled=&#8220;off&#8220;][\/et_pb_contact_field][\/et_pb_contact_form][\/et_pb_column][et_pb_column type=&#8220;1_2&#8243; _builder_version=&#8220;3.25&#8243; custom_padding=&#8220;140px|||&#8220; custom_padding__hover=&#8220;|||&#8220;][et_pb_text _builder_version=&#8220;4.4.2&#8243; text_font=&#8220;Poppins|600|||||||&#8220; text_letter_spacing=&#8220;2px&#8220; text_line_height=&#8220;1em&#8220; ul_font=&#8220;||||||||&#8220; background_color=&#8220;#3d3d3d&#8220; text_orientation=&#8220;center&#8220; background_layout=&#8220;dark&#8220; custom_margin=&#8220;|||&#8220; custom_padding=&#8220;60px|40px|60px|40px&#8220; custom_padding_last_edited=&#8220;off|desktop&#8220; border_width_top=&#8220;8px&#8220; border_color_top=&#8220;#edbb5f&#8220; locked=&#8220;off&#8220;]<\/p>\n<p><span style=\"font-size: large;\">BARBARA ENGELBRECHT<\/span><\/p>\n<p><span style=\"font-size: large;\"><\/span><\/p>\n<p>G\u00fctchenstr. 20a,\u00a0<span style=\"font-size: 16px;\">06108 Halle<\/span><\/p>\n<p>Tel. 0345 67820255<\/p>\n<p><span style=\"color: #ffcc99;\"><a href=\"mailto:mail@barbara-engelbrecht.com\" style=\"color: #ffcc99;\">mail@barbara-engelbrecht.com<\/a><\/span><\/p>\n<p>&nbsp;<\/p>\n<p>Weitere links:<\/p>\n<p><span style=\"color: #ffcc99; font-size: small;\"><a href=\"https:\/\/www.xing.com\/profile\/Barbara_Engelbrecht\/cv\" style=\"color: #ffcc99;\">https:\/\/www.xing.com\/profile\/Barbara_Engelbrecht\/cv<\/a><\/span><\/p>\n<p><span style=\"color: #ffcc99; font-size: small;\"><a href=\"https:\/\/www.linkedin.com\/in\/barbara-engelbrecht-74ba5094\/\" style=\"color: #ffcc99;\">https:\/\/www.linkedin.com\/in\/barbara-engelbrecht-74ba5094\/<\/a><\/span><\/p>\n<p><span style=\"color: #ffcc99; font-size: small;\"><a href=\"http:\/\/www.pepe-kooperation.de\" style=\"color: #ffcc99;\">www.pepe-kooperation.de<\/a><\/span><\/p>\n<p>&nbsp;<\/p>\n<p>[\/et_pb_text][\/et_pb_column][\/et_pb_row][\/et_pb_section]<\/p>\n","protected":false},"excerpt":{"rendered":"<p>F\u00fcr Einzelcoachings und Gruppen bis zu 6 Personen arbeite ich gerne in meinen R\u00e4umen.KontaktBARBARA ENGELBRECHT G\u00fctchenstr. 20a,\u00a006108 Halle Tel. 0345 67820255 mail@barbara-engelbrecht.com &nbsp; Weitere links: https:\/\/www.xing.com\/profile\/Barbara_Engelbrecht\/cv https:\/\/www.linkedin.com\/in\/barbara-engelbrecht-74ba5094\/ www.pepe-kooperation.de &nbsp;<\/p>\n","protected":false},"author":1,"featured_media":0,"parent":0,"menu_order":0,"comment_status":"closed","ping_status":"closed","template":"","meta":{"_et_pb_use_builder":"on","_et_pb_old_content":"","_et_gb_content_width":""},"yoast_head":"<!-- This site is optimized with the Yoast SEO plugin v19.9 - https:\/\/yoast.com\/wordpress\/plugins\/seo\/ -->\n<title>Kontakt - barbara-engelbrecht.com<\/title>\n<meta name=\"robots\" content=\"index, follow, max-snippet:-1, max-image-preview:large, max-video-preview:-1\" \/>\n<link rel=\"canonical\" href=\"https:\/\/barbara-engelbrecht.com\/willkommen\/kontakt\/\" \/>\n<meta property=\"og:locale\" content=\"de_DE\" \/>\n<meta property=\"og:type\" content=\"article\" \/>\n<meta property=\"og:title\" content=\"Kontakt - barbara-engelbrecht.com\" \/>\n<meta property=\"og:description\" content=\"F\u00fcr Einzelcoachings und Gruppen bis zu 6 Personen arbeite ich gerne in meinen R\u00e4umen.KontaktBARBARA ENGELBRECHT G\u00fctchenstr. 20a,\u00a006108 Halle Tel. 0345 67820255 mail@barbara-engelbrecht.com &nbsp; Weitere links: https:\/\/www.xing.com\/profile\/Barbara_Engelbrecht\/cv https:\/\/www.linkedin.com\/in\/barbara-engelbrecht-74ba5094\/ www.pepe-kooperation.de &nbsp;\" \/>\n<meta property=\"og:url\" content=\"https:\/\/barbara-engelbrecht.com\/willkommen\/kontakt\/\" \/>\n<meta property=\"og:site_name\" content=\"barbara-engelbrecht.com\" \/>\n<meta property=\"article:modified_time\" content=\"2020-08-22T22:03:18+00:00\" \/>\n<meta name=\"twitter:card\" content=\"summary_large_image\" \/>\n<meta name=\"twitter:label1\" content=\"Gesch\u00e4tzte Lesezeit\" \/>\n\t<meta name=\"twitter:data1\" content=\"7\u00a0Minuten\" \/>\n<script type=\"application\/ld+json\" class=\"yoast-schema-graph\">{\"@context\":\"https:\/\/schema.org\",\"@graph\":[{\"@type\":\"WebPage\",\"@id\":\"https:\/\/barbara-engelbrecht.com\/willkommen\/kontakt\/\",\"url\":\"https:\/\/barbara-engelbrecht.com\/willkommen\/kontakt\/\",\"name\":\"Kontakt - barbara-engelbrecht.com\",\"isPartOf\":{\"@id\":\"https:\/\/barbara-engelbrecht.com\/willkommen\/#website\"},\"datePublished\":\"2020-08-22T19:46:31+00:00\",\"dateModified\":\"2020-08-22T22:03:18+00:00\",\"breadcrumb\":{\"@id\":\"https:\/\/barbara-engelbrecht.com\/willkommen\/kontakt\/#breadcrumb\"},\"inLanguage\":\"de\",\"potentialAction\":[{\"@type\":\"ReadAction\",\"target\":[\"https:\/\/barbara-engelbrecht.com\/willkommen\/kontakt\/\"]}]},{\"@type\":\"BreadcrumbList\",\"@id\":\"https:\/\/barbara-engelbrecht.com\/willkommen\/kontakt\/#breadcrumb\",\"itemListElement\":[{\"@type\":\"ListItem\",\"position\":1,\"name\":\"Startseite\",\"item\":\"https:\/\/barbara-engelbrecht.com\/willkommen\/\"},{\"@type\":\"ListItem\",\"position\":2,\"name\":\"Kontakt\"}]},{\"@type\":\"WebSite\",\"@id\":\"https:\/\/barbara-engelbrecht.com\/willkommen\/#website\",\"url\":\"https:\/\/barbara-engelbrecht.com\/willkommen\/\",\"name\":\"barbara-engelbrecht.com\",\"description\":\"Organisationsentwicklung, Coaching, Supervision\",\"potentialAction\":[{\"@type\":\"SearchAction\",\"target\":{\"@type\":\"EntryPoint\",\"urlTemplate\":\"https:\/\/barbara-engelbrecht.com\/willkommen\/?s={search_term_string}\"},\"query-input\":\"required name=search_term_string\"}],\"inLanguage\":\"de\"}]}<\/script>\n<!-- \/ Yoast SEO plugin. -->","yoast_head_json":{"title":"Kontakt - barbara-engelbrecht.com","robots":{"index":"index","follow":"follow","max-snippet":"max-snippet:-1","max-image-preview":"max-image-preview:large","max-video-preview":"max-video-preview:-1"},"canonical":"https:\/\/barbara-engelbrecht.com\/willkommen\/kontakt\/","og_locale":"de_DE","og_type":"article","og_title":"Kontakt - barbara-engelbrecht.com","og_description":"F\u00fcr Einzelcoachings und Gruppen bis zu 6 Personen arbeite ich gerne in meinen R\u00e4umen.KontaktBARBARA ENGELBRECHT G\u00fctchenstr. 20a,\u00a006108 Halle Tel. 0345 67820255 mail@barbara-engelbrecht.com &nbsp; Weitere links: https:\/\/www.xing.com\/profile\/Barbara_Engelbrecht\/cv https:\/\/www.linkedin.com\/in\/barbara-engelbrecht-74ba5094\/ www.pepe-kooperation.de &nbsp;","og_url":"https:\/\/barbara-engelbrecht.com\/willkommen\/kontakt\/","og_site_name":"barbara-engelbrecht.com","article_modified_time":"2020-08-22T22:03:18+00:00","twitter_card":"summary_large_image","twitter_misc":{"Gesch\u00e4tzte Lesezeit":"7\u00a0Minuten"},"schema":{"@context":"https:\/\/schema.org","@graph":[{"@type":"WebPage","@id":"https:\/\/barbara-engelbrecht.com\/willkommen\/kontakt\/","url":"https:\/\/barbara-engelbrecht.com\/willkommen\/kontakt\/","name":"Kontakt - barbara-engelbrecht.com","isPartOf":{"@id":"https:\/\/barbara-engelbrecht.com\/willkommen\/#website"},"datePublished":"2020-08-22T19:46:31+00:00","dateModified":"2020-08-22T22:03:18+00:00","breadcrumb":{"@id":"https:\/\/barbara-engelbrecht.com\/willkommen\/kontakt\/#breadcrumb"},"inLanguage":"de","potentialAction":[{"@type":"ReadAction","target":["https:\/\/barbara-engelbrecht.com\/willkommen\/kontakt\/"]}]},{"@type":"BreadcrumbList","@id":"https:\/\/barbara-engelbrecht.com\/willkommen\/kontakt\/#breadcrumb","itemListElement":[{"@type":"ListItem","position":1,"name":"Startseite","item":"https:\/\/barbara-engelbrecht.com\/willkommen\/"},{"@type":"ListItem","position":2,"name":"Kontakt"}]},{"@type":"WebSite","@id":"https:\/\/barbara-engelbrecht.com\/willkommen\/#website","url":"https:\/\/barbara-engelbrecht.com\/willkommen\/","name":"barbara-engelbrecht.com","description":"Organisationsentwicklung, Coaching, Supervision","potentialAction":[{"@type":"SearchAction","target":{"@type":"EntryPoint","urlTemplate":"https:\/\/barbara-engelbrecht.com\/willkommen\/?s={search_term_string}"},"query-input":"required name=search_term_string"}],"inLanguage":"de"}]}},"_links":{"self":[{"href":"https:\/\/barbara-engelbrecht.com\/willkommen\/wp-json\/wp\/v2\/pages\/181"}],"collection":[{"href":"https:\/\/barbara-engelbrecht.com\/willkommen\/wp-json\/wp\/v2\/pages"}],"about":[{"href":"https:\/\/barbara-engelbrecht.com\/willkommen\/wp-json\/wp\/v2\/types\/page"}],"author":[{"embeddable":true,"href":"https:\/\/barbara-engelbrecht.com\/willkommen\/wp-json\/wp\/v2\/users\/1"}],"replies":[{"embeddable":true,"href":"https:\/\/barbara-engelbrecht.com\/willkommen\/wp-json\/wp\/v2\/comments?post=181"}],"version-history":[{"count":9,"href":"https:\/\/barbara-engelbrecht.com\/willkommen\/wp-json\/wp\/v2\/pages\/181\/revisions"}],"predecessor-version":[{"id":269,"href":"https:\/\/barbara-engelbrecht.com\/willkommen\/wp-json\/wp\/v2\/pages\/181\/revisions\/269"}],"wp:attachment":[{"href":"https:\/\/barbara-engelbrecht.com\/willkommen\/wp-json\/wp\/v2\/media?parent=181"}],"curies":[{"name":"wp","href":"https:\/\/api.w.org\/{rel}","templated":true}]}}